{"id":1012,"date":"2024-04-02T14:22:43","date_gmt":"2024-04-02T13:22:43","guid":{"rendered":"https:\/\/inspiring-hoover.94-143-139-224.plesk.page\/?page_id=1012"},"modified":"2024-07-02T11:40:52","modified_gmt":"2024-07-02T09:40:52","slug":"cartelera","status":"publish","type":"page","link":"https:\/\/cinejayan.com\/en\/cartelera\/","title":{"rendered":"Billboard"},"content":{"rendered":"<div data-elementor-type=\"wp-page\" data-elementor-id=\"1012\" class=\"elementor elementor-1012\" data-elementor-post-type=\"page\">\n\t\t\t\t\t\t<section class=\"elementor-section elementor-top-section elementor-element elementor-element-f7ec53e elementor-section-boxed elementor-section-height-default elementor-section-height-default\" data-id=\"f7ec53e\" data-element_type=\"section\">\n\t\t\t\t\t\t<div class=\"elementor-container elementor-column-gap-default\">\n\t\t\t\t\t<div class=\"elementor-column elementor-col-100 elementor-top-column elementor-element elementor-element-044636b\" data-id=\"044636b\" data-element_type=\"column\">\n\t\t\t<div class=\"elementor-widget-wrap elementor-element-populated\">\n\t\t\t\t\t\t<div class=\"elementor-element elementor-element-7dc6d2d elementor-widget elementor-widget-image\" data-id=\"7dc6d2d\" data-element_type=\"widget\" data-settings=\"{&quot;_animation&quot;:&quot;none&quot;,&quot;_animation_mobile&quot;:&quot;zoomIn&quot;}\" data-widget_type=\"image.default\">\n\t\t\t\t<div class=\"elementor-widget-container\">\n\t\t\t\t\t\t\t\t\t\t\t\t\t\t\t<img fetchpriority=\"high\" decoding=\"async\" width=\"1329\" height=\"379\" src=\"https:\/\/cinejayan.com\/wp-content\/uploads\/2024\/05\/CARTELERA-CARTEL-01.png\" class=\"attachment-full size-full wp-image-2402\" alt=\"\" srcset=\"https:\/\/cinejayan.com\/wp-content\/uploads\/2024\/05\/CARTELERA-CARTEL-01.png 1329w, https:\/\/cinejayan.com\/wp-content\/uploads\/2024\/05\/CARTELERA-CARTEL-01-300x86.png 300w, https:\/\/cinejayan.com\/wp-content\/uploads\/2024\/05\/CARTELERA-CARTEL-01-1024x292.png 1024w, https:\/\/cinejayan.com\/wp-content\/uploads\/2024\/05\/CARTELERA-CARTEL-01-768x219.png 768w, https:\/\/cinejayan.com\/wp-content\/uploads\/2024\/05\/CARTELERA-CARTEL-01-350x100.png 350w\" sizes=\"(max-width: 1329px) 100vw, 1329px\" \/>\t\t\t\t\t\t\t\t\t\t\t\t\t\t\t<\/div>\n\t\t\t\t<\/div>\n\t\t\t\t\t<\/div>\n\t\t<\/div>\n\t\t\t\t\t<\/div>\n\t\t<\/section>\n\t\t\t\t<section class=\"elementor-section elementor-top-section elementor-element elementor-element-0eab671 elementor-section-boxed elementor-section-height-default elementor-section-height-default\" data-id=\"0eab671\" data-element_type=\"section\">\n\t\t\t\t\t\t<div class=\"elementor-container elementor-column-gap-default\">\n\t\t\t\t\t<div class=\"elementor-column elementor-col-100 elementor-top-column elementor-element elementor-element-cdf78c1\" data-id=\"cdf78c1\" data-element_type=\"column\">\n\t\t\t<div class=\"elementor-widget-wrap elementor-element-populated\">\n\t\t\t\t\t\t<div class=\"elementor-element elementor-element-7fafef7 elementor-widget-divider--view-line elementor-widget elementor-widget-divider\" data-id=\"7fafef7\" data-element_type=\"widget\" data-widget_type=\"divider.default\">\n\t\t\t\t<div class=\"elementor-widget-container\">\n\t\t\t\t\t\t\t<div class=\"elementor-divider\">\n\t\t\t<span class=\"elementor-divider-separator\">\n\t\t\t\t\t\t<\/span>\n\t\t<\/div>\n\t\t\t\t\t\t<\/div>\n\t\t\t\t<\/div>\n\t\t\t\t<div class=\"elementor-element elementor-element-ae24738 elementor-widget elementor-widget-shortcode\" data-id=\"ae24738\" data-element_type=\"widget\" data-widget_type=\"shortcode.default\">\n\t\t\t\t<div class=\"elementor-widget-container\">\n\t\t\t\t\t<div class=\"peliculas-grid cuatro\"><div class=\"pelicula-column\"><div class=\"imagen-portada-column\"><a href=\"https:\/\/cinejayan.com\/en\/peliculas\/super-mario-galaxy-la-pelicula\/\"><img decoding=\"async\" src=\"https:\/\/cinejayan.com\/wp-content\/uploads\/2026\/03\/2026-Super-Mario-Galaxy.-la-pelicula-The-Super-Mario-Galaxy-Movie-tt28650488-USA-f-1.jpg\" \/><\/a><\/div><h3><a href=\"https:\/\/cinejayan.com\/en\/peliculas\/super-mario-galaxy-la-pelicula\/\">The Super Mario Galaxy Movie<\/a><\/h3><button class=\"ver-horarios-btn\" data-pelicula-id=\"4634\">Ver horarios<\/button><div class=\"pases-pelis\" style=\"display:none\"><div class=\"pases-pelis\"><div class='titulo_dia'>Sunday 5 April<\/div><br><div class='pase-peli'><div class='info-peli'><p class='hora-peli'>20:00<\/p><div class='idiomas-peli'><img decoding=\"async\" width=\"18\" height=\"18\" src=\"https:\/\/cinejayan.com\/wp-content\/uploads\/2024\/04\/us-circle-01-32.png\" alt=\"V.O.S.E.\"><span class='idioma-peli'>V.O.S.E.<\/span><span class=\"\"><\/span><\/div><\/div><\/div><hr><div class='titulo_dia'>Monday 6 April<\/div><br><div class='pase-peli'><div class='info-peli'><p class='hora-peli'>20:00<\/p><div class='idiomas-peli'><img decoding=\"async\" width=\"18\" height=\"18\" src=\"https:\/\/cinejayan.com\/wp-content\/uploads\/2024\/04\/us-circle-01-32.png\" alt=\"V.O.S.E.\"><span class='idioma-peli'>V.O.S.E.<\/span><span class=\"\"><\/span><\/div><\/div><\/div><hr><div class='titulo_dia'>Friday 10 April<\/div><br><div class='pase-peli'><div class='info-peli'><p class='hora-peli'>17:00<\/p><div class='idiomas-peli'><img decoding=\"async\" width=\"18\" height=\"18\" src=\"https:\/\/cinejayan.com\/wp-content\/uploads\/2024\/04\/us-circle-01-32.png\" alt=\"V.O.S.E.\"><span class='idioma-peli'>V.O.S.E.<\/span><span class=\"\"><\/span><\/div><\/div><\/div><\/div><\/div><\/div><div class=\"pelicula-column\"><div class=\"imagen-portada-column\"><a href=\"https:\/\/cinejayan.com\/en\/peliculas\/boomers\/\"><img decoding=\"async\" src=\"https:\/\/cinejayan.com\/wp-content\/uploads\/2026\/03\/boomers.png\" \/><\/a><\/div><h3><a href=\"https:\/\/cinejayan.com\/en\/peliculas\/boomers\/\">Boomers<\/a><\/h3><button class=\"ver-horarios-btn\" data-pelicula-id=\"4600\">Ver horarios<\/button><div class=\"pases-pelis\" style=\"display:none\"><div class=\"pases-pelis\"><div class='titulo_dia'>Thursday 23 April<\/div><br><div class='pase-peli'><div class='info-peli'><p class='hora-peli'>20:00<\/p><div class='idiomas-peli'><img decoding=\"async\" width=\"18\" height=\"18\" src=\"https:\/\/cinejayan.com\/wp-content\/uploads\/2024\/05\/323275-150x150.png\" alt=\"Holand\u00e9s subt\u00edtulos en Ingl\u00e9s\"><span class='idioma-peli'>Holand\u00e9s subt\u00edtulos en Ingl\u00e9s<\/span><span class=\"\"><\/span><\/div><\/div><\/div><\/div><\/div><\/div><\/div>\t\t<div class=\"elementor-shortcode\"><\/div>\n\t\t\t\t\t\t<\/div>\n\t\t\t\t<\/div>\n\t\t\t\t\t<\/div>\n\t\t<\/div>\n\t\t\t\t\t<\/div>\n\t\t<\/section>\n\t\t\t\t<\/div>","protected":false},"excerpt":{"rendered":"","protected":false},"author":1,"featured_media":0,"parent":0,"menu_order":0,"comment_status":"closed","ping_status":"closed","template":"elementor_header_footer","meta":{"footnotes":""},"class_list":["post-1012","page","type-page","status-publish","hentry"],"_links":{"self":[{"href":"https:\/\/cinejayan.com\/en\/wp-json\/wp\/v2\/pages\/1012","targetHints":{"allow":["GET"]}}],"collection":[{"href":"https:\/\/cinejayan.com\/en\/wp-json\/wp\/v2\/pages"}],"about":[{"href":"https:\/\/cinejayan.com\/en\/wp-json\/wp\/v2\/types\/page"}],"author":[{"embeddable":true,"href":"https:\/\/cinejayan.com\/en\/wp-json\/wp\/v2\/users\/1"}],"replies":[{"embeddable":true,"href":"https:\/\/cinejayan.com\/en\/wp-json\/wp\/v2\/comments?post=1012"}],"version-history":[{"count":25,"href":"https:\/\/cinejayan.com\/en\/wp-json\/wp\/v2\/pages\/1012\/revisions"}],"predecessor-version":[{"id":2756,"href":"https:\/\/cinejayan.com\/en\/wp-json\/wp\/v2\/pages\/1012\/revisions\/2756"}],"wp:attachment":[{"href":"https:\/\/cinejayan.com\/en\/wp-json\/wp\/v2\/media?parent=1012"}],"curies":[{"name":"wp","href":"https:\/\/api.w.org\/{rel}","templated":true}]}}