{"id":2382,"date":"2024-05-29T15:53:26","date_gmt":"2024-05-29T14:53:26","guid":{"rendered":"https:\/\/cinejayan.com\/?page_id=2382"},"modified":"2025-12-10T09:33:56","modified_gmt":"2025-12-10T09:33:56","slug":"programacion","status":"publish","type":"page","link":"https:\/\/cinejayan.com\/en\/programacion\/","title":{"rendered":"Schedule"},"content":{"rendered":"<div data-elementor-type=\"wp-page\" data-elementor-id=\"2382\" class=\"elementor elementor-2382\" data-elementor-post-type=\"page\">\n\t\t\t\t\t\t<section class=\"elementor-section elementor-top-section elementor-element elementor-element-7299672e elementor-section-boxed elementor-section-height-default elementor-section-height-default\" data-id=\"7299672e\" data-element_type=\"section\">\n\t\t\t\t\t\t<div class=\"elementor-container elementor-column-gap-default\">\n\t\t\t\t\t<div class=\"elementor-column elementor-col-100 elementor-top-column elementor-element elementor-element-32fad0a0\" data-id=\"32fad0a0\" data-element_type=\"column\">\n\t\t\t<div class=\"elementor-widget-wrap elementor-element-populated\">\n\t\t\t\t\t\t<div class=\"elementor-element elementor-element-f6604a9 elementor-widget elementor-widget-image\" data-id=\"f6604a9\" data-element_type=\"widget\" data-settings=\"{&quot;_animation&quot;:&quot;none&quot;,&quot;_animation_mobile&quot;:&quot;zoomIn&quot;}\" data-no-translation=\"\" data-widget_type=\"image.default\">\n\t\t\t\t<div class=\"elementor-widget-container\">\n\t\t\t\t\t<style>.elementor-element-f6604a9{display:none !important}<\/style>\t\t\t\t<\/div>\n\t\t\t\t<\/div>\n\t\t\t\t<div class=\"elementor-element elementor-element-fe09fd9 elementor-widget elementor-widget-image\" data-id=\"fe09fd9\" data-element_type=\"widget\" data-settings=\"{&quot;_animation&quot;:&quot;none&quot;,&quot;_animation_mobile&quot;:&quot;zoomIn&quot;}\" data-no-translation=\"\" data-widget_type=\"image.default\">\n\t\t\t\t<div class=\"elementor-widget-container\">\n\t\t\t\t\t\t\t\t\t\t\t\t\t\t\t<img fetchpriority=\"high\" decoding=\"async\" width=\"1329\" height=\"379\" src=\"https:\/\/cinejayan.com\/wp-content\/uploads\/2024\/04\/02Recurso-23@4x.png\" class=\"attachment-full size-full wp-image-4144\" alt=\"\" srcset=\"https:\/\/cinejayan.com\/wp-content\/uploads\/2024\/04\/02Recurso-23@4x.png 1329w, https:\/\/cinejayan.com\/wp-content\/uploads\/2024\/04\/02Recurso-23@4x-300x86.png 300w, https:\/\/cinejayan.com\/wp-content\/uploads\/2024\/04\/02Recurso-23@4x-1024x292.png 1024w, https:\/\/cinejayan.com\/wp-content\/uploads\/2024\/04\/02Recurso-23@4x-768x219.png 768w, https:\/\/cinejayan.com\/wp-content\/uploads\/2024\/04\/02Recurso-23@4x-350x100.png 350w\" sizes=\"(max-width: 1329px) 100vw, 1329px\" \/>\t\t\t\t\t\t\t\t\t\t\t\t\t\t\t<\/div>\n\t\t\t\t<\/div>\n\t\t\t\t<div class=\"elementor-element elementor-element-27d0297 elementor-widget elementor-widget-image\" data-id=\"27d0297\" data-element_type=\"widget\" data-settings=\"{&quot;_animation&quot;:&quot;none&quot;,&quot;_animation_mobile&quot;:&quot;zoomIn&quot;}\" data-no-translation=\"\" data-widget_type=\"image.default\">\n\t\t\t\t<div class=\"elementor-widget-container\">\n\t\t\t\t\t<style>.elementor-element-27d0297{display:none !important}<\/style>\t\t\t\t<\/div>\n\t\t\t\t<\/div>\n\t\t\t\t\t<\/div>\n\t\t<\/div>\n\t\t\t\t\t<\/div>\n\t\t<\/section>\n\t\t<div class=\"elementor-element elementor-element-6935668 e-flex e-con-boxed e-con e-parent\" data-id=\"6935668\" data-element_type=\"container\" id=\"pases\">\n\t\t\t\t\t<div class=\"e-con-inner\">\n\t\t\t\t<div class=\"elementor-element elementor-element-530a2cc elementor-widget elementor-widget-shortcode\" data-id=\"530a2cc\" data-element_type=\"widget\" data-widget_type=\"shortcode.default\">\n\t\t\t\t<div class=\"elementor-widget-container\">\n\t\t\t\t\t\t\t<div class=\"elementor-shortcode\"><div id=\"donde-mostrar-dias\">...<\/div><\/div>\n\t\t\t\t\t\t<\/div>\n\t\t\t\t<\/div>\n\t\t\t\t\t<\/div>\n\t\t\t\t<\/div>\n\t\t<div class=\"elementor-element elementor-element-d270177 e-flex e-con-boxed e-con e-parent\" data-id=\"d270177\" data-element_type=\"container\">\n\t\t\t\t\t<div class=\"e-con-inner\">\n\t\t<div class=\"elementor-element elementor-element-ad40901 e-con-full e-flex e-con e-child\" data-id=\"ad40901\" data-element_type=\"container\">\n\t\t\t\t<div class=\"elementor-element elementor-element-cf65cd1 elementor-widget elementor-widget-shortcode\" data-id=\"cf65cd1\" data-element_type=\"widget\" data-widget_type=\"shortcode.default\">\n\t\t\t\t<div class=\"elementor-widget-container\">\n\t\t\t\t\t\t\t<div class=\"elementor-shortcode\"><div id=\"donde-mostrar-peliculas\"><center><img decoding=\"async\" width=\"100\" src=\"https:\/\/cinejayan.com\/wp-content\/plugins\/cinestuacte\/palomitas.gif\" alt=\"Cargando...\" class=\"loading-gif\" \/><\/center><\/div><\/div>\n\t\t\t\t\t\t<\/div>\n\t\t\t\t<\/div>\n\t\t\t\t<\/div>\n\t\t<div class=\"elementor-element elementor-element-a21247f e-con-full e-flex e-con e-child\" data-id=\"a21247f\" data-element_type=\"container\" data-settings=\"{&quot;background_background&quot;:&quot;classic&quot;}\">\n\t\t\t\t<div class=\"elementor-element elementor-element-7c2e6c3 elementor-widget elementor-widget-template\" data-id=\"7c2e6c3\" data-element_type=\"widget\" data-widget_type=\"template.default\">\n\t\t\t\t<div class=\"elementor-widget-container\">\n\t\t\t\t\t\t\t<div class=\"elementor-template\">\n\t\t\t\t\t<div data-elementor-type=\"container\" data-elementor-id=\"4227\" class=\"elementor elementor-4227\" data-elementor-post-type=\"elementor_library\">\n\t\t\t\t<div class=\"elementor-element elementor-element-29ede91 e-con-full e-flex e-con e-parent\" data-id=\"29ede91\" data-element_type=\"container\">\n\t\t\t\t<div class=\"elementor-element elementor-element-153b411 elementor-widget elementor-widget-image\" data-id=\"153b411\" data-element_type=\"widget\" data-no-translation=\"\" data-widget_type=\"image.default\">\n\t\t\t\t<div class=\"elementor-widget-container\">\n\t\t\t\t\t<style>.elementor-element-153b411{display:none !important}<\/style>\t\t\t\t<\/div>\n\t\t\t\t<\/div>\n\t\t\t\t<div class=\"elementor-element elementor-element-df63ce8 elementor-widget elementor-widget-image\" data-id=\"df63ce8\" data-element_type=\"widget\" data-no-translation=\"\" data-widget_type=\"image.default\">\n\t\t\t\t<div class=\"elementor-widget-container\">\n\t\t\t\t\t\t\t\t\t\t\t\t\t\t\t<img decoding=\"async\" width=\"722\" height=\"1024\" src=\"https:\/\/cinejayan.com\/wp-content\/uploads\/2026\/04\/Unknown-722x1024.jpeg\" class=\"attachment-large size-large wp-image-4653\" alt=\"\" srcset=\"https:\/\/cinejayan.com\/wp-content\/uploads\/2026\/04\/Unknown-722x1024.jpeg 722w, https:\/\/cinejayan.com\/wp-content\/uploads\/2026\/04\/Unknown-212x300.jpeg 212w, https:\/\/cinejayan.com\/wp-content\/uploads\/2026\/04\/Unknown-768x1089.jpeg 768w, https:\/\/cinejayan.com\/wp-content\/uploads\/2026\/04\/Unknown-8x12.jpeg 8w, https:\/\/cinejayan.com\/wp-content\/uploads\/2026\/04\/Unknown.jpeg 903w\" sizes=\"(max-width: 722px) 100vw, 722px\" \/>\t\t\t\t\t\t\t\t\t\t\t\t\t\t\t<\/div>\n\t\t\t\t<\/div>\n\t\t\t\t<div class=\"elementor-element elementor-element-27f2e7f elementor-widget elementor-widget-image\" data-id=\"27f2e7f\" data-element_type=\"widget\" data-no-translation=\"\" data-widget_type=\"image.default\">\n\t\t\t\t<div class=\"elementor-widget-container\">\n\t\t\t\t\t<style>.elementor-element-27f2e7f{display:none !important}<\/style>\t\t\t\t<\/div>\n\t\t\t\t<\/div>\n\t\t\t\t<div class=\"elementor-element elementor-element-edd33a1 elementor-widget elementor-widget-image\" data-id=\"edd33a1\" data-element_type=\"widget\" data-no-translation=\"\" data-widget_type=\"image.default\">\n\t\t\t\t<div class=\"elementor-widget-container\">\n\t\t\t\t\t\t\t\t\t\t\t\t\t\t\t<img decoding=\"async\" width=\"800\" height=\"1023\" src=\"https:\/\/cinejayan.com\/wp-content\/uploads\/2024\/04\/BANNER-CINE-ESPECTADOR-EN-001-801x1024.jpg\" class=\"attachment-large size-large wp-image-2278\" alt=\"\" srcset=\"https:\/\/cinejayan.com\/wp-content\/uploads\/2024\/04\/BANNER-CINE-ESPECTADOR-EN-001-801x1024.jpg 801w, https:\/\/cinejayan.com\/wp-content\/uploads\/2024\/04\/BANNER-CINE-ESPECTADOR-EN-001-235x300.jpg 235w, https:\/\/cinejayan.com\/wp-content\/uploads\/2024\/04\/BANNER-CINE-ESPECTADOR-EN-001-768x981.jpg 768w, https:\/\/cinejayan.com\/wp-content\/uploads\/2024\/04\/BANNER-CINE-ESPECTADOR-EN-001.jpg 1138w\" sizes=\"(max-width: 800px) 100vw, 800px\" \/>\t\t\t\t\t\t\t\t\t\t\t\t\t\t\t<\/div>\n\t\t\t\t<\/div>\n\t\t\t\t<div class=\"elementor-element elementor-element-51c8958 elementor-widget elementor-widget-image\" data-id=\"51c8958\" data-element_type=\"widget\" data-no-translation=\"\" data-widget_type=\"image.default\">\n\t\t\t\t<div class=\"elementor-widget-container\">\n\t\t\t\t\t<style>.elementor-element-51c8958{display:none !important}<\/style>\t\t\t\t<\/div>\n\t\t\t\t<\/div>\n\t\t\t\t<div class=\"elementor-element elementor-element-0ec631b elementor-widget elementor-widget-image\" data-id=\"0ec631b\" data-element_type=\"widget\" data-no-translation=\"\" data-widget_type=\"image.default\">\n\t\t\t\t<div class=\"elementor-widget-container\">\n\t\t\t\t\t<style>.elementor-element-0ec631b{display:none !important}<\/style>\t\t\t\t<\/div>\n\t\t\t\t<\/div>\n\t\t\t\t<div class=\"elementor-element elementor-element-5cc0a2a elementor-widget elementor-widget-image\" data-id=\"5cc0a2a\" data-element_type=\"widget\" data-no-translation=\"\" data-widget_type=\"image.default\">\n\t\t\t\t<div class=\"elementor-widget-container\">\n\t\t\t\t\t\t\t\t\t\t\t\t\t\t\t<img loading=\"lazy\" decoding=\"async\" width=\"800\" height=\"1023\" src=\"https:\/\/cinejayan.com\/wp-content\/uploads\/2024\/04\/BANNER-CINE-SENIOR-EN-001-801x1024.jpg\" class=\"attachment-large size-large wp-image-2274\" alt=\"\" srcset=\"https:\/\/cinejayan.com\/wp-content\/uploads\/2024\/04\/BANNER-CINE-SENIOR-EN-001-801x1024.jpg 801w, https:\/\/cinejayan.com\/wp-content\/uploads\/2024\/04\/BANNER-CINE-SENIOR-EN-001-235x300.jpg 235w, https:\/\/cinejayan.com\/wp-content\/uploads\/2024\/04\/BANNER-CINE-SENIOR-EN-001-768x981.jpg 768w, https:\/\/cinejayan.com\/wp-content\/uploads\/2024\/04\/BANNER-CINE-SENIOR-EN-001.jpg 1138w\" sizes=\"(max-width: 800px) 100vw, 800px\" \/>\t\t\t\t\t\t\t\t\t\t\t\t\t\t\t<\/div>\n\t\t\t\t<\/div>\n\t\t\t\t<\/div>\n\t\t\t\t<\/div>\n\t\t\t\t<\/div>\n\t\t\t\t\t\t<\/div>\n\t\t\t\t<\/div>\n\t\t\t\t<\/div>\n\t\t\t\t\t<\/div>\n\t\t\t\t<\/div>\n\t\t\t\t<section class=\"elementor-section elementor-top-section elementor-element elementor-element-15aec0e4 elementor-section-boxed elementor-section-height-default elementor-section-height-default\" data-id=\"15aec0e4\" data-element_type=\"section\" data-settings=\"{&quot;background_background&quot;:&quot;classic&quot;}\">\n\t\t\t\t\t\t\t<div class=\"elementor-background-overlay\"><\/div>\n\t\t\t\t\t\t\t<div class=\"elementor-container elementor-column-gap-no\">\n\t\t\t\t\t<div class=\"elementor-column elementor-col-100 elementor-top-column elementor-element elementor-element-cf48d5d\" data-id=\"cf48d5d\" data-element_type=\"column\">\n\t\t\t<div class=\"elementor-widget-wrap elementor-element-populated\">\n\t\t\t\t\t\t<div class=\"elementor-element elementor-element-e0c39a4 elementor-invisible elementor-widget elementor-widget-heading\" data-id=\"e0c39a4\" data-element_type=\"widget\" data-settings=\"{&quot;_animation&quot;:&quot;fadeInUp&quot;}\" data-widget_type=\"heading.default\">\n\t\t\t\t<div class=\"elementor-widget-container\">\n\t\t\t\t\t<h2 class=\"elementor-heading-title elementor-size-default\">What do they say about us?<\/h2>\t\t\t\t<\/div>\n\t\t\t\t<\/div>\n\t\t\t\t<div class=\"elementor-element elementor-element-534a4aa elementor-widget elementor-widget-text-editor\" data-id=\"534a4aa\" data-element_type=\"widget\" data-widget_type=\"text-editor.default\">\n\t\t\t\t<div class=\"elementor-widget-container\">\n\t\t\t\t\t\t\t\t\t<p>If you come to watch a movie at Cine Jayan\u2026 Don\u2019t forget to leave your review! Thanks to you, we continue to be excited.<\/p>\t\t\t\t\t\t\t\t<\/div>\n\t\t\t\t<\/div>\n\t\t\t\t<div class=\"elementor-element elementor-element-80e6cc5 elementor-widget elementor-widget-shortcode\" data-id=\"80e6cc5\" data-element_type=\"widget\" data-widget_type=\"shortcode.default\">\n\t\t\t\t<div class=\"elementor-widget-container\">\n\t\t\t\t\t\t\t<div class=\"elementor-shortcode\">[grw id=4314]<\/div>\n\t\t\t\t\t\t<\/div>\n\t\t\t\t<\/div>\n\t\t\t\t<div class=\"elementor-element elementor-element-9254a94 elementor-widget__width-initial elementor-absolute elementor-view-default elementor-widget elementor-widget-icon\" data-id=\"9254a94\" data-element_type=\"widget\" data-settings=\"{&quot;_position&quot;:&quot;absolute&quot;}\" data-widget_type=\"icon.default\">\n\t\t\t\t<div class=\"elementor-widget-container\">\n\t\t\t\t\t\t\t<div class=\"elementor-icon-wrapper\">\n\t\t\t<div class=\"elementor-icon\">\n\t\t\t<i aria-hidden=\"true\" class=\"icon icon-quote2\"><\/i>\t\t\t<\/div>\n\t\t<\/div>\n\t\t\t\t\t\t<\/div>\n\t\t\t\t<\/div>\n\t\t\t\t\t<\/div>\n\t\t<\/div>\n\t\t\t\t\t<\/div>\n\t\t<\/section>\n\t\t<div class=\"elementor-element elementor-element-df1c3a9 e-flex e-con-boxed elementor-invisible e-con e-parent\" data-id=\"df1c3a9\" data-element_type=\"container\" data-settings=\"{&quot;animation&quot;:&quot;fadeInUp&quot;}\">\n\t\t\t\t\t<div class=\"e-con-inner\">\n\t\t<div class=\"elementor-element elementor-element-f8110df e-con-full elementor-hidden-mobile e-flex e-con e-child\" data-id=\"f8110df\" data-element_type=\"container\">\n\t\t\t\t<\/div>\n\t\t<div class=\"elementor-element elementor-element-f26ec26 e-con-full e-flex e-con e-child\" data-id=\"f26ec26\" data-element_type=\"container\" data-settings=\"{&quot;background_background&quot;:&quot;classic&quot;}\">\n\t\t\t\t<div class=\"elementor-element elementor-element-11f378d elementor-widget elementor-widget-heading\" data-id=\"11f378d\" data-element_type=\"widget\" data-widget_type=\"heading.default\">\n\t\t\t\t<div class=\"elementor-widget-container\">\n\t\t\t\t\t<h2 class=\"elementor-heading-title elementor-size-default\">NEWSLETTER<\/h2>\t\t\t\t<\/div>\n\t\t\t\t<\/div>\n\t\t\t\t<div class=\"elementor-element elementor-element-c47ec06 elementor-widget elementor-widget-text-editor\" data-id=\"c47ec06\" data-element_type=\"widget\" data-widget_type=\"text-editor.default\">\n\t\t\t\t<div class=\"elementor-widget-container\">\n\t\t\t\t\t\t\t\t\t<p>Register and we\u2019ll send you the weekly schedule of movies that will be on the billboard.<\/p>\t\t\t\t\t\t\t\t<\/div>\n\t\t\t\t<\/div>\n\t\t\t\t<div class=\"elementor-element elementor-element-6bf107c elementor-button-align-stretch elementor-widget elementor-widget-form\" data-id=\"6bf107c\" data-element_type=\"widget\" data-settings=\"{&quot;step_next_label&quot;:&quot;Siguiente&quot;,&quot;step_previous_label&quot;:&quot;Anterior&quot;,&quot;button_width&quot;:&quot;100&quot;,&quot;step_type&quot;:&quot;number_text&quot;,&quot;step_icon_shape&quot;:&quot;circle&quot;}\" data-widget_type=\"form.default\">\n\t\t\t\t<div class=\"elementor-widget-container\">\n\t\t\t\t\t\t\t<form class=\"elementor-form\" method=\"post\" name=\"Nuevo formulario\" aria-label=\"Nuevo formulario\" action=\"\">\n\t\t\t<input type=\"hidden\" name=\"post_id\" value=\"2382\"\/>\n\t\t\t<input type=\"hidden\" name=\"form_id\" value=\"6bf107c\"\/>\n\t\t\t<input type=\"hidden\" name=\"referer_title\" value=\"Programaci\u00f3n &#x2d; Cine Jayan\" \/>\n\n\t\t\t\t\t\t\t<input type=\"hidden\" name=\"queried_id\" value=\"2382\"\/>\n\t\t\t\n\t\t\t<div class=\"elementor-form-fields-wrapper elementor-labels-above\">\n\t\t\t\t\t\t\t\t<div class=\"elementor-field-type-text elementor-field-group elementor-column elementor-field-group-name elementor-col-100\">\n\t\t\t\t\t\t\t\t\t\t\t\t<label for=\"form-field-name\" class=\"elementor-field-label\">\n\t\t\t\t\t\t\t\tName\t\t\t\t\t\t\t<\/label>\n\t\t\t\t\t\t\t\t\t\t\t\t\t\t<input size=\"1\" type=\"text\" name=\"form_fields[name]\" id=\"form-field-name\" class=\"elementor-field elementor-size-sm  elementor-field-textual\" placeholder=\"Name\">\n\t\t\t\t\t\t\t\t\t\t\t<\/div>\n\t\t\t\t\t\t\t\t<div class=\"elementor-field-type-email elementor-field-group elementor-column elementor-field-group-email elementor-col-100 elementor-field-required\">\n\t\t\t\t\t\t\t\t\t\t\t\t<label for=\"form-field-email\" class=\"elementor-field-label\">\n\t\t\t\t\t\t\t\tEmail\t\t\t\t\t\t\t<\/label>\n\t\t\t\t\t\t\t\t\t\t\t\t\t\t<input size=\"1\" type=\"email\" name=\"form_fields[email]\" id=\"form-field-email\" class=\"elementor-field elementor-size-sm  elementor-field-textual\" placeholder=\"Email\" required=\"required\">\n\t\t\t\t\t\t\t\t\t\t\t<\/div>\n\t\t\t\t\t\t\t\t<div class=\"elementor-field-type-recaptcha_v3 elementor-field-group elementor-column elementor-field-group-field_104104d elementor-col-100 recaptcha_v3-bottomleft\">\n\t\t\t\t\t<div class=\"elementor-field\" id=\"form-field-field_104104d\"><div class=\"elementor-g-recaptcha\" data-sitekey=\"6LeoLL0pAAAAANJGuJO1QNpqDsifUvxDakfm8eVG\" data-type=\"v3\" data-action=\"Form\" data-badge=\"bottomleft\" data-size=\"invisible\"><\/div><\/div>\t\t\t\t<\/div>\n\t\t\t\t\t\t\t\t<div class=\"elementor-field-type-html elementor-field-group elementor-column elementor-field-group-field_a9af50c elementor-col-100\">\n\t\t\t\t\t<font size=\"1\">\n    This site is protected by reCAPTCHA and the Google\n    <a href=\"https:\/\/policies.google.com\/privacy\">Privacy Policy<\/a> and\n    <a href=\"https:\/\/policies.google.com\/terms\">Terms of Service<\/a> apply.\n<\/font>\t\t\t\t<\/div>\n\t\t\t\t\t\t\t\t<div class=\"elementor-field-group elementor-column elementor-field-type-submit elementor-col-100 e-form__buttons\">\n\t\t\t\t\t<button class=\"elementor-button elementor-size-sm\" type=\"submit\">\n\t\t\t\t\t\t<span class=\"elementor-button-content-wrapper\">\n\t\t\t\t\t\t\t\t\t\t\t\t\t\t\t\t\t\t\t\t\t\t<span class=\"elementor-button-text\">Send<\/span>\n\t\t\t\t\t\t\t\t\t\t\t\t\t<\/span>\n\t\t\t\t\t<\/button>\n\t\t\t\t<\/div>\n\t\t\t<\/div>\n\t\t<input type=\"hidden\" name=\"trp-form-language\" value=\"en\"\/><\/form>\n\t\t\t\t\t\t<\/div>\n\t\t\t\t<\/div>\n\t\t\t\t<\/div>\n\t\t<div class=\"elementor-element elementor-element-7eb539a e-con-full elementor-hidden-mobile e-flex e-con e-child\" data-id=\"7eb539a\" data-element_type=\"container\">\n\t\t\t\t<\/div>\n\t\t\t\t\t<\/div>\n\t\t\t\t<\/div>\n\t\t\t\t<\/div>","protected":false},"excerpt":{"rendered":"<p>\u00bfQue dicen de nosotros? Si vienes a ver una pel\u00edcula al Cine Jayan&#8230; No olvides dejar tu rese\u00f1a! Gr\u00e1cias a ti seguimos ilusionados. [grw id=4314] NEWSLETTER Reg\u00edstrate y te enviamos la programaci\u00f3n semanal de las pel\u00edculas que habr\u00e1 en cartelera.<\/p>","protected":false},"author":1,"featured_media":0,"parent":0,"menu_order":0,"comment_status":"closed","ping_status":"closed","template":"elementor_header_footer","meta":{"footnotes":""},"class_list":["post-2382","page","type-page","status-publish","hentry"],"_links":{"self":[{"href":"https:\/\/cinejayan.com\/en\/wp-json\/wp\/v2\/pages\/2382","targetHints":{"allow":["GET"]}}],"collection":[{"href":"https:\/\/cinejayan.com\/en\/wp-json\/wp\/v2\/pages"}],"about":[{"href":"https:\/\/cinejayan.com\/en\/wp-json\/wp\/v2\/types\/page"}],"author":[{"embeddable":true,"href":"https:\/\/cinejayan.com\/en\/wp-json\/wp\/v2\/users\/1"}],"replies":[{"embeddable":true,"href":"https:\/\/cinejayan.com\/en\/wp-json\/wp\/v2\/comments?post=2382"}],"version-history":[{"count":37,"href":"https:\/\/cinejayan.com\/en\/wp-json\/wp\/v2\/pages\/2382\/revisions"}],"predecessor-version":[{"id":4318,"href":"https:\/\/cinejayan.com\/en\/wp-json\/wp\/v2\/pages\/2382\/revisions\/4318"}],"wp:attachment":[{"href":"https:\/\/cinejayan.com\/en\/wp-json\/wp\/v2\/media?parent=2382"}],"curies":[{"name":"wp","href":"https:\/\/api.w.org\/{rel}","templated":true}]}}