{"id":449,"date":"2024-03-14T16:00:54","date_gmt":"2024-03-14T15:00:54","guid":{"rendered":"https:\/\/inspiring-hoover.94-143-139-224.plesk.page\/?page_id=449"},"modified":"2024-05-31T12:44:56","modified_gmt":"2024-05-31T11:44:56","slug":"sobre-nosotros","status":"publish","type":"page","link":"https:\/\/cinejayan.com\/en\/sobre-nosotros\/","title":{"rendered":"About us"},"content":{"rendered":"<div data-elementor-type=\"wp-page\" data-elementor-id=\"449\" class=\"elementor elementor-449\" data-elementor-post-type=\"page\">\n\t\t\t\t\t\t<section class=\"elementor-section elementor-top-section elementor-element elementor-element-48753ad8 elementor-reverse-mobile elementor-section-boxed elementor-section-height-default elementor-section-height-default\" data-id=\"48753ad8\" data-element_type=\"section\" data-settings=\"{&quot;background_background&quot;:&quot;classic&quot;}\">\n\t\t\t\t\t\t\t<div class=\"elementor-background-overlay\"><\/div>\n\t\t\t\t\t\t\t<div class=\"elementor-container elementor-column-gap-default\">\n\t\t\t\t\t<div class=\"elementor-column elementor-col-50 elementor-top-column elementor-element elementor-element-55fef949 elementor-invisible\" data-id=\"55fef949\" data-element_type=\"column\" data-settings=\"{&quot;background_background&quot;:&quot;classic&quot;,&quot;animation&quot;:&quot;slideInUp&quot;}\">\n\t\t\t<div class=\"elementor-widget-wrap\">\n\t\t\t\t\t\t\t<\/div>\n\t\t<\/div>\n\t\t\t\t<div class=\"elementor-column elementor-col-50 elementor-top-column elementor-element elementor-element-54560227\" data-id=\"54560227\" data-element_type=\"column\">\n\t\t\t<div class=\"elementor-widget-wrap elementor-element-populated\">\n\t\t\t\t\t\t<section class=\"elementor-section elementor-inner-section elementor-element elementor-element-19f376fd elementor-section-boxed elementor-section-height-default elementor-section-height-default\" data-id=\"19f376fd\" data-element_type=\"section\">\n\t\t\t\t\t\t<div class=\"elementor-container elementor-column-gap-default\">\n\t\t\t\t\t<div class=\"elementor-column elementor-col-100 elementor-inner-column elementor-element elementor-element-397761d\" data-id=\"397761d\" data-element_type=\"column\">\n\t\t\t<div class=\"elementor-widget-wrap elementor-element-populated\">\n\t\t\t\t\t\t<div class=\"elementor-element elementor-element-325efcda elementor-invisible elementor-widget elementor-widget-heading\" data-id=\"325efcda\" data-element_type=\"widget\" data-settings=\"{&quot;_animation&quot;:&quot;fadeInRight&quot;}\" data-widget_type=\"heading.default\">\n\t\t\t\t<div class=\"elementor-widget-container\">\n\t\t\t\t\t<h2 class=\"elementor-heading-title elementor-size-default\">El Cine Jayan<\/h2>\t\t\t\t<\/div>\n\t\t\t\t<\/div>\n\t\t\t\t\t<\/div>\n\t\t<\/div>\n\t\t\t\t\t<\/div>\n\t\t<\/section>\n\t\t\t\t\t<\/div>\n\t\t<\/div>\n\t\t\t\t\t<\/div>\n\t\t<\/section>\n\t\t\t\t<section class=\"elementor-section elementor-top-section elementor-element elementor-element-b712c6 elementor-section-boxed elementor-section-height-default elementor-section-height-default\" data-id=\"b712c6\" data-element_type=\"section\">\n\t\t\t\t\t\t<div class=\"elementor-container elementor-column-gap-default\">\n\t\t\t\t\t<div class=\"elementor-column elementor-col-100 elementor-top-column elementor-element elementor-element-3de09a27\" data-id=\"3de09a27\" data-element_type=\"column\">\n\t\t\t<div class=\"elementor-widget-wrap elementor-element-populated\">\n\t\t\t\t\t\t<section class=\"elementor-section elementor-inner-section elementor-element elementor-element-5af1977c elementor-section-boxed elementor-section-height-default elementor-section-height-default\" data-id=\"5af1977c\" data-element_type=\"section\">\n\t\t\t\t\t\t<div class=\"elementor-container elementor-column-gap-default\">\n\t\t\t\t\t<div class=\"elementor-column elementor-col-33 elementor-inner-column elementor-element elementor-element-5b2ec3a2\" data-id=\"5b2ec3a2\" data-element_type=\"column\">\n\t\t\t<div class=\"elementor-widget-wrap elementor-element-populated\">\n\t\t\t\t\t\t<div class=\"elementor-element elementor-element-2b973964 elementor-widget-divider--view-line elementor-widget elementor-widget-divider\" data-id=\"2b973964\" data-element_type=\"widget\" data-widget_type=\"divider.default\">\n\t\t\t\t<div class=\"elementor-widget-container\">\n\t\t\t\t\t\t\t<div class=\"elementor-divider\">\n\t\t\t<span class=\"elementor-divider-separator\">\n\t\t\t\t\t\t<\/span>\n\t\t<\/div>\n\t\t\t\t\t\t<\/div>\n\t\t\t\t<\/div>\n\t\t\t\t<div class=\"elementor-element elementor-element-5d5185a3 elementor-invisible elementor-widget elementor-widget-heading\" data-id=\"5d5185a3\" data-element_type=\"widget\" data-settings=\"{&quot;_animation&quot;:&quot;fadeInUp&quot;}\" data-widget_type=\"heading.default\">\n\t\t\t\t<div class=\"elementor-widget-container\">\n\t\t\t\t\t<h2 class=\"elementor-heading-title elementor-size-default\">A bit of history<\/h2>\t\t\t\t<\/div>\n\t\t\t\t<\/div>\n\t\t\t\t<div class=\"elementor-element elementor-element-656eb20 elementor-widget elementor-widget-heading\" data-id=\"656eb20\" data-element_type=\"widget\" data-widget_type=\"heading.default\">\n\t\t\t\t<div class=\"elementor-widget-container\">\n\t\t\t\t\t<h2 class=\"elementor-heading-title elementor-size-default\">Jayan Cinema, one of the last big screen cinemas, one of the last that maintain the magic of classic cinema.<\/h2>\t\t\t\t<\/div>\n\t\t\t\t<\/div>\n\t\t\t\t\t<\/div>\n\t\t<\/div>\n\t\t\t\t<div class=\"elementor-column elementor-col-33 elementor-inner-column elementor-element elementor-element-736ce24b\" data-id=\"736ce24b\" data-element_type=\"column\">\n\t\t\t<div class=\"elementor-widget-wrap elementor-element-populated\">\n\t\t\t\t\t\t<div class=\"elementor-element elementor-element-17c554a2 elementor-widget elementor-widget-text-editor\" data-id=\"17c554a2\" data-element_type=\"widget\" data-widget_type=\"text-editor.default\">\n\t\t\t\t<div class=\"elementor-widget-container\">\n\t\t\t\t\t\t\t\t\t<p>After the closure of the Espin\u00f3s cinema and given the current situation, Angelita's family -owner of the Central Cinema and the port's cinema terrace- are not giving up and are committed to opening a new cinema.<\/p><p>It was in 1973 when Antonio Catal\u00e0 Bover married Immaculada, one of Angelita's daughters, and turned the port terrace into a movie theater with a rooftop terrace and became known as Cine Jayan, an acronym of the founders' names: Ja-ime and An-gelita.<\/p><p>Cine Jayan remains a family business that opens every day with enthusiasm and passion to make moviegoers feel the seventh art, showing films in their original version.<\/p>\t\t\t\t\t\t\t\t<\/div>\n\t\t\t\t<\/div>\n\t\t\t\t\t<\/div>\n\t\t<\/div>\n\t\t\t\t<div class=\"elementor-column elementor-col-33 elementor-inner-column elementor-element elementor-element-4e13a78a elementor-invisible\" data-id=\"4e13a78a\" data-element_type=\"column\" data-settings=\"{&quot;animation&quot;:&quot;fadeInRight&quot;}\">\n\t\t\t<div class=\"elementor-widget-wrap elementor-element-populated\">\n\t\t\t\t\t\t<div class=\"elementor-element elementor-element-4284cca1 elementor-widget elementor-widget-image\" data-id=\"4284cca1\" data-element_type=\"widget\" data-widget_type=\"image.default\">\n\t\t\t\t<div class=\"elementor-widget-container\">\n\t\t\t\t\t\t\t\t\t\t\t\t\t\t\t<img fetchpriority=\"high\" decoding=\"async\" width=\"1280\" height=\"1280\" src=\"https:\/\/cinejayan.com\/wp-content\/uploads\/2024\/03\/jayan-exterior-cine-sobre_01.jpg\" class=\"attachment-full size-full wp-image-526\" alt=\"\" srcset=\"https:\/\/cinejayan.com\/wp-content\/uploads\/2024\/03\/jayan-exterior-cine-sobre_01.jpg 1280w, https:\/\/cinejayan.com\/wp-content\/uploads\/2024\/03\/jayan-exterior-cine-sobre_01-300x300.jpg 300w, https:\/\/cinejayan.com\/wp-content\/uploads\/2024\/03\/jayan-exterior-cine-sobre_01-1024x1024.jpg 1024w, https:\/\/cinejayan.com\/wp-content\/uploads\/2024\/03\/jayan-exterior-cine-sobre_01-150x150.jpg 150w, https:\/\/cinejayan.com\/wp-content\/uploads\/2024\/03\/jayan-exterior-cine-sobre_01-768x768.jpg 768w\" sizes=\"(max-width: 1280px) 100vw, 1280px\" \/>\t\t\t\t\t\t\t\t\t\t\t\t\t\t\t<\/div>\n\t\t\t\t<\/div>\n\t\t\t\t\t<\/div>\n\t\t<\/div>\n\t\t\t\t\t<\/div>\n\t\t<\/section>\n\t\t\t\t\t<\/div>\n\t\t<\/div>\n\t\t\t\t\t<\/div>\n\t\t<\/section>\n\t\t<div class=\"elementor-element elementor-element-08e14ba e-flex e-con-boxed e-con e-parent\" data-id=\"08e14ba\" data-element_type=\"container\">\n\t\t\t\t\t<div class=\"e-con-inner\">\n\t\t<div class=\"elementor-element elementor-element-384367f e-con-full e-flex e-con e-child\" data-id=\"384367f\" data-element_type=\"container\">\n\t\t<div class=\"elementor-element elementor-element-6d0dcec e-flex e-con-boxed e-con e-child\" data-id=\"6d0dcec\" data-element_type=\"container\">\n\t\t\t\t\t<div class=\"e-con-inner\">\n\t\t\t\t<div class=\"elementor-element elementor-element-f059228 pp-ic-label-horizontal-top elementor-widget elementor-widget-pp-image-comparison\" data-id=\"f059228\" data-element_type=\"widget\" data-widget_type=\"pp-image-comparison.default\">\n\t\t\t\t<div class=\"elementor-widget-container\">\n\t\t\t\t\t\t\t<div class=\"pp-image-comparison pp-image-comparison-horizontal\" id=\"pp-image-comparison-f059228\" data-settings=\"{&quot;visible_ratio&quot;:&quot;0.5&quot;,&quot;orientation&quot;:&quot;horizontal&quot;,&quot;slider_on_hover&quot;:false,&quot;slider_with_handle&quot;:true,&quot;slider_with_click&quot;:false}\">\n\t\t\t<div class=\"pp-before-image\"><img decoding=\"async\" src=\"https:\/\/cinejayan.com\/wp-content\/uploads\/2024\/03\/jayan-antes.jpg\" alt=\"jayan-antes\" title=\"jayan-antes\" class=\"pp-before-img\" \/><\/div><div class=\"pp-after-image\"><img decoding=\"async\" src=\"https:\/\/cinejayan.com\/wp-content\/uploads\/2024\/03\/jayan-despues.jpg\" alt=\"jayan-despues\" title=\"jayan-despues\" class=\"pp-after-img\" \/><\/div><div class=\"pp-comparison-handle\"><svg aria-hidden=\"true\" class=\"e-font-icon-svg e-fas-caret-left\" viewbox=\"0 0 192 512\" xmlns=\"http:\/\/www.w3.org\/2000\/svg\"><path d=\"M192 127.338v257.324c0 17.818-21.543 26.741-34.142 14.142L29.196 270.142c-7.81-7.81-7.81-20.474 0-28.284l128.662-128.662c12.599-12.6 34.142-3.676 34.142 14.142z\"><\/path><\/svg><svg aria-hidden=\"true\" class=\"e-font-icon-svg e-fas-caret-right\" viewbox=\"0 0 192 512\" xmlns=\"http:\/\/www.w3.org\/2000\/svg\"><path d=\"M0 384.662V127.338c0-17.818 21.543-26.741 34.142-14.142l128.662 128.662c7.81 7.81 7.81 20.474 0 28.284L34.142 398.804C21.543 411.404 0 402.48 0 384.662z\"><\/path><\/svg><\/div><div class=\"pp-image-comparison-overlay\"><\/div>\t\t<\/div>\n\t\t\t\t\t\t<\/div>\n\t\t\t\t<\/div>\n\t\t\t\t\t<\/div>\n\t\t\t\t<\/div>\n\t\t\t\t<\/div>\n\t\t<div class=\"elementor-element elementor-element-f3e0529 e-con-full e-flex e-con e-child\" data-id=\"f3e0529\" data-element_type=\"container\">\n\t\t\t\t<div class=\"elementor-element elementor-element-c433198 elementor-widget elementor-widget-text-editor\" data-id=\"c433198\" data-element_type=\"widget\" data-widget_type=\"text-editor.default\">\n\t\t\t\t<div class=\"elementor-widget-container\">\n\t\t\t\t\t\t\t\t\t<p>Undoubtedly, this cinema, with a 420-seat auditorium, began a new lease on life and has withstood the rise of mega-cinemas to this day. The proliferation of multiple cinemas showing different films simultaneously couldn't defeat the Jayan, which chose to persevere, maintain its small-town cinema essence, and invest in a renovation in 2003, reducing its capacity to the current 347 seats.<\/p><p>Later, in 2011, with the advent of digital technology, the Jayan cinema once again committed to remaining the only \"village cinema\" in the entire Marina Alta region. The Jayan Cinema continues to be a family business that opens every day with enthusiasm and passion for sharing the magic of cinema with film lovers, screening films in their original language.<\/p>\t\t\t\t\t\t\t\t<\/div>\n\t\t\t\t<\/div>\n\t\t\t\t<\/div>\n\t\t\t\t\t<\/div>\n\t\t\t\t<\/div>\n\t\t\t\t<section class=\"elementor-section elementor-top-section elementor-element elementor-element-4d5de6dd elementor-section-boxed elementor-section-height-default elementor-section-height-default\" data-id=\"4d5de6dd\" data-element_type=\"section\" data-settings=\"{&quot;background_background&quot;:&quot;classic&quot;}\">\n\t\t\t\t\t\t\t<div class=\"elementor-background-overlay\"><\/div>\n\t\t\t\t\t\t\t<div class=\"elementor-container elementor-column-gap-no\">\n\t\t\t\t\t<div class=\"elementor-column elementor-col-100 elementor-top-column elementor-element elementor-element-3a9e5c50\" data-id=\"3a9e5c50\" data-element_type=\"column\">\n\t\t\t<div class=\"elementor-widget-wrap elementor-element-populated\">\n\t\t\t\t\t\t<section class=\"elementor-section elementor-inner-section elementor-element elementor-element-7979e17b elementor-section-boxed elementor-section-height-default elementor-section-height-default\" data-id=\"7979e17b\" data-element_type=\"section\">\n\t\t\t\t\t\t<div class=\"elementor-container elementor-column-gap-default\">\n\t\t\t\t\t<div class=\"elementor-column elementor-col-100 elementor-inner-column elementor-element elementor-element-fd9102e elementor-invisible\" data-id=\"fd9102e\" data-element_type=\"column\" data-settings=\"{&quot;background_background&quot;:&quot;classic&quot;,&quot;animation&quot;:&quot;slideInDown&quot;}\">\n\t\t\t<div class=\"elementor-widget-wrap elementor-element-populated\">\n\t\t\t\t\t\t<div class=\"elementor-element elementor-element-2cbb6a07 elementor-widget elementor-widget-heading\" data-id=\"2cbb6a07\" data-element_type=\"widget\" data-widget_type=\"heading.default\">\n\t\t\t\t<div class=\"elementor-widget-container\">\n\t\t\t\t\t<h2 class=\"elementor-heading-title elementor-size-default\">The magic of classic cinema<\/h2>\t\t\t\t<\/div>\n\t\t\t\t<\/div>\n\t\t\t\t<div class=\"elementor-element elementor-element-3826f415 elementor-widget elementor-widget-heading\" data-id=\"3826f415\" data-element_type=\"widget\" data-widget_type=\"heading.default\">\n\t\t\t\t<div class=\"elementor-widget-container\">\n\t\t\t\t\t<h2 class=\"elementor-heading-title elementor-size-default\">Independent Films and Original Versions<\/h2>\t\t\t\t<\/div>\n\t\t\t\t<\/div>\n\t\t\t\t<div class=\"elementor-element elementor-element-39556334 elementor-widget elementor-widget-text-editor\" data-id=\"39556334\" data-element_type=\"widget\" data-widget_type=\"text-editor.default\">\n\t\t\t\t<div class=\"elementor-widget-container\">\n\t\t\t\t\t\t\t\t\t<p>Currently, the Jayan Cinema combines digital and 35mm film projections. The future is digital, but the key lies elsewhere. Independent films in the 'El Set\u00e9 Segell' series and films in their original language are what make this cinema profitable, not the latest releases. The Jayan screens one English-language film during the week because more than half of X\u00e0bia's residents are foreigners, and they are the ones who frequent this cinema.<\/p>\t\t\t\t\t\t\t\t<\/div>\n\t\t\t\t<\/div>\n\t\t\t\t\t<\/div>\n\t\t<\/div>\n\t\t\t\t\t<\/div>\n\t\t<\/section>\n\t\t\t\t\t<\/div>\n\t\t<\/div>\n\t\t\t\t\t<\/div>\n\t\t<\/section>\n\t\t\t\t<section class=\"elementor-section elementor-top-section elementor-element elementor-element-d843dfd elementor-section-boxed elementor-section-height-default elementor-section-height-default\" data-id=\"d843dfd\" data-element_type=\"section\">\n\t\t\t\t\t\t<div class=\"elementor-container elementor-column-gap-default\">\n\t\t\t\t\t<div class=\"elementor-column elementor-col-100 elementor-top-column elementor-element elementor-element-b333882\" data-id=\"b333882\" data-element_type=\"column\">\n\t\t\t<div class=\"elementor-widget-wrap elementor-element-populated\">\n\t\t\t\t\t\t<section class=\"elementor-section elementor-inner-section elementor-element elementor-element-c1c3ffd elementor-section-boxed elementor-section-height-default elementor-section-height-default\" data-id=\"c1c3ffd\" data-element_type=\"section\">\n\t\t\t\t\t\t<div class=\"elementor-container elementor-column-gap-default\">\n\t\t\t\t\t<div class=\"elementor-column elementor-col-50 elementor-inner-column elementor-element elementor-element-a1ec698\" data-id=\"a1ec698\" data-element_type=\"column\">\n\t\t\t<div class=\"elementor-widget-wrap elementor-element-populated\">\n\t\t\t\t\t\t<div class=\"elementor-element elementor-element-cdec1f5 elementor-widget-divider--view-line elementor-widget elementor-widget-divider\" data-id=\"cdec1f5\" data-element_type=\"widget\" data-widget_type=\"divider.default\">\n\t\t\t\t<div class=\"elementor-widget-container\">\n\t\t\t\t\t\t\t<div class=\"elementor-divider\">\n\t\t\t<span class=\"elementor-divider-separator\">\n\t\t\t\t\t\t<\/span>\n\t\t<\/div>\n\t\t\t\t\t\t<\/div>\n\t\t\t\t<\/div>\n\t\t\t\t<div class=\"elementor-element elementor-element-24abdf2 elementor-invisible elementor-widget elementor-widget-heading\" data-id=\"24abdf2\" data-element_type=\"widget\" data-settings=\"{&quot;_animation&quot;:&quot;fadeInUp&quot;}\" data-widget_type=\"heading.default\">\n\t\t\t\t<div class=\"elementor-widget-container\">\n\t\t\t\t\t<h2 class=\"elementor-heading-title elementor-size-default\">Thank you<\/h2>\t\t\t\t<\/div>\n\t\t\t\t<\/div>\n\t\t\t\t<div class=\"elementor-element elementor-element-47fe1bf elementor-widget elementor-widget-heading\" data-id=\"47fe1bf\" data-element_type=\"widget\" data-widget_type=\"heading.default\">\n\t\t\t\t<div class=\"elementor-widget-container\">\n\t\t\t\t\t<h2 class=\"elementor-heading-title elementor-size-default\">Antonio Catal\u00e1 and Inmaculada<\/h2>\t\t\t\t<\/div>\n\t\t\t\t<\/div>\n\t\t\t\t<div class=\"elementor-element elementor-element-2f314a3 elementor-widget elementor-widget-text-editor\" data-id=\"2f314a3\" data-element_type=\"widget\" data-widget_type=\"text-editor.default\">\n\t\t\t\t<div class=\"elementor-widget-container\">\n\t\t\t\t\t\t\t\t\t<p>Current owners of the Jayan cinema<\/p>\t\t\t\t\t\t\t\t<\/div>\n\t\t\t\t<\/div>\n\t\t\t\t\t<\/div>\n\t\t<\/div>\n\t\t\t\t<div class=\"elementor-column elementor-col-50 elementor-inner-column elementor-element elementor-element-53b7ff7 elementor-invisible\" data-id=\"53b7ff7\" data-element_type=\"column\" data-settings=\"{&quot;animation&quot;:&quot;fadeInRight&quot;}\">\n\t\t\t<div class=\"elementor-widget-wrap elementor-element-populated\">\n\t\t\t\t\t\t<div class=\"elementor-element elementor-element-30b5843 elementor-widget elementor-widget-image\" data-id=\"30b5843\" data-element_type=\"widget\" data-widget_type=\"image.default\">\n\t\t\t\t<div class=\"elementor-widget-container\">\n\t\t\t\t\t\t\t\t\t\t\t\t\t\t\t<img decoding=\"async\" width=\"800\" height=\"1200\" src=\"https:\/\/cinejayan.com\/wp-content\/uploads\/2024\/03\/antonio-catala-e-imaculada-propietarios-del-actual-cine-jayan.png\" class=\"attachment-full size-full wp-image-553\" alt=\"\" srcset=\"https:\/\/cinejayan.com\/wp-content\/uploads\/2024\/03\/antonio-catala-e-imaculada-propietarios-del-actual-cine-jayan.png 800w, https:\/\/cinejayan.com\/wp-content\/uploads\/2024\/03\/antonio-catala-e-imaculada-propietarios-del-actual-cine-jayan-200x300.png 200w, https:\/\/cinejayan.com\/wp-content\/uploads\/2024\/03\/antonio-catala-e-imaculada-propietarios-del-actual-cine-jayan-683x1024.png 683w, https:\/\/cinejayan.com\/wp-content\/uploads\/2024\/03\/antonio-catala-e-imaculada-propietarios-del-actual-cine-jayan-768x1152.png 768w\" sizes=\"(max-width: 800px) 100vw, 800px\" \/>\t\t\t\t\t\t\t\t\t\t\t\t\t\t\t<\/div>\n\t\t\t\t<\/div>\n\t\t\t\t\t<\/div>\n\t\t<\/div>\n\t\t\t\t\t<\/div>\n\t\t<\/section>\n\t\t\t\t\t<\/div>\n\t\t<\/div>\n\t\t\t\t\t<\/div>\n\t\t<\/section>\n\t\t<div class=\"elementor-element elementor-element-2deaf67 e-con-full e-flex e-con e-parent\" data-id=\"2deaf67\" data-element_type=\"container\">\n\t\t\t\t<div class=\"elementor-element elementor-element-d0340d5 elementor-widget elementor-widget-video\" data-id=\"d0340d5\" data-element_type=\"widget\" data-settings=\"{&quot;video_type&quot;:&quot;hosted&quot;,&quot;autoplay&quot;:&quot;yes&quot;,&quot;play_on_mobile&quot;:&quot;yes&quot;,&quot;loop&quot;:&quot;yes&quot;}\" data-widget_type=\"video.default\">\n\t\t\t\t<div class=\"elementor-widget-container\">\n\t\t\t\t\t\t\t<div class=\"e-hosted-video elementor-wrapper elementor-open-inline\">\n\t\t\t\t\t<video class=\"elementor-video\" src=\"https:\/\/cinejayan.com\/wp-content\/uploads\/2024\/03\/Sin-titulo.m4v\" autoplay=\"\" loop=\"\" playsinline=\"\" controlslist=\"nodownload\"><\/video>\n\t\t\t\t<\/div>\n\t\t\t\t\t\t<\/div>\n\t\t\t\t<\/div>\n\t\t\t\t<\/div>\n\t\t\t\t<\/div>","protected":false},"excerpt":{"rendered":"<p>El Cine Jayan Un poco de historia Cine Jayan, una de las \u00faltimas salas de cine de pantalla grande, una de las \u00faltimas que mantienen la magia del cine cl\u00e1sico. Tras el cierre del cine Espin\u00f3s y ante la situaci\u00f3n actual, la familia de Angelita -propietaria del Central Cinema y la terraza de cine del [&hellip;]<\/p>","protected":false},"author":1,"featured_media":0,"parent":0,"menu_order":0,"comment_status":"closed","ping_status":"closed","template":"elementor_header_footer","meta":{"footnotes":""},"class_list":["post-449","page","type-page","status-publish","hentry"],"_links":{"self":[{"href":"https:\/\/cinejayan.com\/en\/wp-json\/wp\/v2\/pages\/449","targetHints":{"allow":["GET"]}}],"collection":[{"href":"https:\/\/cinejayan.com\/en\/wp-json\/wp\/v2\/pages"}],"about":[{"href":"https:\/\/cinejayan.com\/en\/wp-json\/wp\/v2\/types\/page"}],"author":[{"embeddable":true,"href":"https:\/\/cinejayan.com\/en\/wp-json\/wp\/v2\/users\/1"}],"replies":[{"embeddable":true,"href":"https:\/\/cinejayan.com\/en\/wp-json\/wp\/v2\/comments?post=449"}],"version-history":[{"count":98,"href":"https:\/\/cinejayan.com\/en\/wp-json\/wp\/v2\/pages\/449\/revisions"}],"predecessor-version":[{"id":2484,"href":"https:\/\/cinejayan.com\/en\/wp-json\/wp\/v2\/pages\/449\/revisions\/2484"}],"wp:attachment":[{"href":"https:\/\/cinejayan.com\/en\/wp-json\/wp\/v2\/media?parent=449"}],"curies":[{"name":"wp","href":"https:\/\/api.w.org\/{rel}","templated":true}]}}