{"id":449,"date":"2024-03-14T16:00:54","date_gmt":"2024-03-14T15:00:54","guid":{"rendered":"https:\/\/inspiring-hoover.94-143-139-224.plesk.page\/?page_id=449"},"modified":"2024-05-31T12:44:56","modified_gmt":"2024-05-31T11:44:56","slug":"sobre-nosotros","status":"publish","type":"page","link":"https:\/\/cinejayan.com\/fr\/sobre-nosotros\/","title":{"rendered":"\u00c0 propos de nous"},"content":{"rendered":"<div data-elementor-type=\"wp-page\" data-elementor-id=\"449\" class=\"elementor elementor-449\" data-elementor-post-type=\"page\">\n\t\t\t\t\t\t<section class=\"elementor-section elementor-top-section elementor-element elementor-element-48753ad8 elementor-reverse-mobile elementor-section-boxed elementor-section-height-default elementor-section-height-default\" data-id=\"48753ad8\" data-element_type=\"section\" data-settings=\"{&quot;background_background&quot;:&quot;classic&quot;}\">\n\t\t\t\t\t\t\t<div class=\"elementor-background-overlay\"><\/div>\n\t\t\t\t\t\t\t<div class=\"elementor-container elementor-column-gap-default\">\n\t\t\t\t\t<div class=\"elementor-column elementor-col-50 elementor-top-column elementor-element elementor-element-55fef949 elementor-invisible\" data-id=\"55fef949\" data-element_type=\"column\" data-settings=\"{&quot;background_background&quot;:&quot;classic&quot;,&quot;animation&quot;:&quot;slideInUp&quot;}\">\n\t\t\t<div class=\"elementor-widget-wrap\">\n\t\t\t\t\t\t\t<\/div>\n\t\t<\/div>\n\t\t\t\t<div class=\"elementor-column elementor-col-50 elementor-top-column elementor-element elementor-element-54560227\" data-id=\"54560227\" data-element_type=\"column\">\n\t\t\t<div class=\"elementor-widget-wrap elementor-element-populated\">\n\t\t\t\t\t\t<section class=\"elementor-section elementor-inner-section elementor-element elementor-element-19f376fd elementor-section-boxed elementor-section-height-default elementor-section-height-default\" data-id=\"19f376fd\" data-element_type=\"section\">\n\t\t\t\t\t\t<div class=\"elementor-container elementor-column-gap-default\">\n\t\t\t\t\t<div class=\"elementor-column elementor-col-100 elementor-inner-column elementor-element elementor-element-397761d\" data-id=\"397761d\" data-element_type=\"column\">\n\t\t\t<div class=\"elementor-widget-wrap elementor-element-populated\">\n\t\t\t\t\t\t<div class=\"elementor-element elementor-element-325efcda elementor-invisible elementor-widget elementor-widget-heading\" data-id=\"325efcda\" data-element_type=\"widget\" data-settings=\"{&quot;_animation&quot;:&quot;fadeInRight&quot;}\" data-widget_type=\"heading.default\">\n\t\t\t\t<div class=\"elementor-widget-container\">\n\t\t\t\t\t<h2 class=\"elementor-heading-title elementor-size-default\">El Cine Jayan<\/h2>\t\t\t\t<\/div>\n\t\t\t\t<\/div>\n\t\t\t\t\t<\/div>\n\t\t<\/div>\n\t\t\t\t\t<\/div>\n\t\t<\/section>\n\t\t\t\t\t<\/div>\n\t\t<\/div>\n\t\t\t\t\t<\/div>\n\t\t<\/section>\n\t\t\t\t<section class=\"elementor-section elementor-top-section elementor-element elementor-element-b712c6 elementor-section-boxed elementor-section-height-default elementor-section-height-default\" data-id=\"b712c6\" data-element_type=\"section\">\n\t\t\t\t\t\t<div class=\"elementor-container elementor-column-gap-default\">\n\t\t\t\t\t<div class=\"elementor-column elementor-col-100 elementor-top-column elementor-element elementor-element-3de09a27\" data-id=\"3de09a27\" data-element_type=\"column\">\n\t\t\t<div class=\"elementor-widget-wrap elementor-element-populated\">\n\t\t\t\t\t\t<section class=\"elementor-section elementor-inner-section elementor-element elementor-element-5af1977c elementor-section-boxed elementor-section-height-default elementor-section-height-default\" data-id=\"5af1977c\" data-element_type=\"section\">\n\t\t\t\t\t\t<div class=\"elementor-container elementor-column-gap-default\">\n\t\t\t\t\t<div class=\"elementor-column elementor-col-33 elementor-inner-column elementor-element elementor-element-5b2ec3a2\" data-id=\"5b2ec3a2\" data-element_type=\"column\">\n\t\t\t<div class=\"elementor-widget-wrap elementor-element-populated\">\n\t\t\t\t\t\t<div class=\"elementor-element elementor-element-2b973964 elementor-widget-divider--view-line elementor-widget elementor-widget-divider\" data-id=\"2b973964\" data-element_type=\"widget\" data-widget_type=\"divider.default\">\n\t\t\t\t<div class=\"elementor-widget-container\">\n\t\t\t\t\t\t\t<div class=\"elementor-divider\">\n\t\t\t<span class=\"elementor-divider-separator\">\n\t\t\t\t\t\t<\/span>\n\t\t<\/div>\n\t\t\t\t\t\t<\/div>\n\t\t\t\t<\/div>\n\t\t\t\t<div class=\"elementor-element elementor-element-5d5185a3 elementor-invisible elementor-widget elementor-widget-heading\" data-id=\"5d5185a3\" data-element_type=\"widget\" data-settings=\"{&quot;_animation&quot;:&quot;fadeInUp&quot;}\" data-widget_type=\"heading.default\">\n\t\t\t\t<div class=\"elementor-widget-container\">\n\t\t\t\t\t<h2 class=\"elementor-heading-title elementor-size-default\">Un peu d'histoire<\/h2>\t\t\t\t<\/div>\n\t\t\t\t<\/div>\n\t\t\t\t<div class=\"elementor-element elementor-element-656eb20 elementor-widget elementor-widget-heading\" data-id=\"656eb20\" data-element_type=\"widget\" data-widget_type=\"heading.default\">\n\t\t\t\t<div class=\"elementor-widget-container\">\n\t\t\t\t\t<h2 class=\"elementor-heading-title elementor-size-default\">Le cin\u00e9ma Jayan, l'un des derniers cin\u00e9mas \u00e0 grand \u00e9cran, l'un des derniers \u00e0 pr\u00e9server la magie du cin\u00e9ma classique.<\/h2>\t\t\t\t<\/div>\n\t\t\t\t<\/div>\n\t\t\t\t\t<\/div>\n\t\t<\/div>\n\t\t\t\t<div class=\"elementor-column elementor-col-33 elementor-inner-column elementor-element elementor-element-736ce24b\" data-id=\"736ce24b\" data-element_type=\"column\">\n\t\t\t<div class=\"elementor-widget-wrap elementor-element-populated\">\n\t\t\t\t\t\t<div class=\"elementor-element elementor-element-17c554a2 elementor-widget elementor-widget-text-editor\" data-id=\"17c554a2\" data-element_type=\"widget\" data-widget_type=\"text-editor.default\">\n\t\t\t\t<div class=\"elementor-widget-container\">\n\t\t\t\t\t\t\t\t\t<p>Suite \u00e0 la fermeture du cin\u00e9ma Espin\u00f3s et compte tenu de la situation actuelle, la famille d'Angelita, propri\u00e9taire du cin\u00e9ma Central et de la terrasse du cin\u00e9ma du port, ne baisse pas les bras et s'est engag\u00e9e \u00e0 ouvrir un nouveau cin\u00e9ma.<\/p><p>C'est en 1973 qu'Antonio Catal\u00e0 Bover \u00e9pousa Immaculada, l'une des filles d'Angelita, et transforma la terrasse du port en un cin\u00e9ma avec une terrasse sur le toit, qui devint connu sous le nom de Cine Jayan, un acronyme des noms des fondateurs : Ja-ime et An-gelita.<\/p><p>Cine Jayan demeure une entreprise familiale qui ouvre chaque jour avec enthousiasme et passion pour faire vivre aux cin\u00e9philes le septi\u00e8me art, en projetant des films dans leur version originale.<\/p>\t\t\t\t\t\t\t\t<\/div>\n\t\t\t\t<\/div>\n\t\t\t\t\t<\/div>\n\t\t<\/div>\n\t\t\t\t<div class=\"elementor-column elementor-col-33 elementor-inner-column elementor-element elementor-element-4e13a78a elementor-invisible\" data-id=\"4e13a78a\" data-element_type=\"column\" data-settings=\"{&quot;animation&quot;:&quot;fadeInRight&quot;}\">\n\t\t\t<div class=\"elementor-widget-wrap elementor-element-populated\">\n\t\t\t\t\t\t<div class=\"elementor-element elementor-element-4284cca1 elementor-widget elementor-widget-image\" data-id=\"4284cca1\" data-element_type=\"widget\" data-widget_type=\"image.default\">\n\t\t\t\t<div class=\"elementor-widget-container\">\n\t\t\t\t\t\t\t\t\t\t\t\t\t\t\t<img fetchpriority=\"high\" decoding=\"async\" width=\"1280\" height=\"1280\" src=\"https:\/\/cinejayan.com\/wp-content\/uploads\/2024\/03\/jayan-exterior-cine-sobre_01.jpg\" class=\"attachment-full size-full wp-image-526\" alt=\"\" srcset=\"https:\/\/cinejayan.com\/wp-content\/uploads\/2024\/03\/jayan-exterior-cine-sobre_01.jpg 1280w, https:\/\/cinejayan.com\/wp-content\/uploads\/2024\/03\/jayan-exterior-cine-sobre_01-300x300.jpg 300w, https:\/\/cinejayan.com\/wp-content\/uploads\/2024\/03\/jayan-exterior-cine-sobre_01-1024x1024.jpg 1024w, https:\/\/cinejayan.com\/wp-content\/uploads\/2024\/03\/jayan-exterior-cine-sobre_01-150x150.jpg 150w, https:\/\/cinejayan.com\/wp-content\/uploads\/2024\/03\/jayan-exterior-cine-sobre_01-768x768.jpg 768w\" sizes=\"(max-width: 1280px) 100vw, 1280px\" \/>\t\t\t\t\t\t\t\t\t\t\t\t\t\t\t<\/div>\n\t\t\t\t<\/div>\n\t\t\t\t\t<\/div>\n\t\t<\/div>\n\t\t\t\t\t<\/div>\n\t\t<\/section>\n\t\t\t\t\t<\/div>\n\t\t<\/div>\n\t\t\t\t\t<\/div>\n\t\t<\/section>\n\t\t<div class=\"elementor-element elementor-element-08e14ba e-flex e-con-boxed e-con e-parent\" data-id=\"08e14ba\" data-element_type=\"container\">\n\t\t\t\t\t<div class=\"e-con-inner\">\n\t\t<div class=\"elementor-element elementor-element-384367f e-con-full e-flex e-con e-child\" data-id=\"384367f\" data-element_type=\"container\">\n\t\t<div class=\"elementor-element elementor-element-6d0dcec e-flex e-con-boxed e-con e-child\" data-id=\"6d0dcec\" data-element_type=\"container\">\n\t\t\t\t\t<div class=\"e-con-inner\">\n\t\t\t\t<div class=\"elementor-element elementor-element-f059228 pp-ic-label-horizontal-top elementor-widget elementor-widget-pp-image-comparison\" data-id=\"f059228\" data-element_type=\"widget\" data-widget_type=\"pp-image-comparison.default\">\n\t\t\t\t<div class=\"elementor-widget-container\">\n\t\t\t\t\t\t\t<div class=\"pp-image-comparison pp-image-comparison-horizontal\" id=\"pp-image-comparison-f059228\" data-settings=\"{&quot;visible_ratio&quot;:&quot;0.5&quot;,&quot;orientation&quot;:&quot;horizontal&quot;,&quot;slider_on_hover&quot;:false,&quot;slider_with_handle&quot;:true,&quot;slider_with_click&quot;:false}\">\n\t\t\t<div class=\"pp-before-image\"><img decoding=\"async\" src=\"https:\/\/cinejayan.com\/wp-content\/uploads\/2024\/03\/jayan-antes.jpg\" alt=\"jayan-antes\" title=\"jayan-antes\" class=\"pp-before-img\" \/><\/div><div class=\"pp-after-image\"><img decoding=\"async\" src=\"https:\/\/cinejayan.com\/wp-content\/uploads\/2024\/03\/jayan-despues.jpg\" alt=\"jayan-despues\" title=\"jayan-despues\" class=\"pp-after-img\" \/><\/div><div class=\"pp-comparison-handle\"><svg aria-hidden=\"true\" class=\"e-font-icon-svg e-fas-caret-left\" viewbox=\"0 0 192 512\" xmlns=\"http:\/\/www.w3.org\/2000\/svg\"><path d=\"M192 127.338v257.324c0 17.818-21.543 26.741-34.142 14.142L29.196 270.142c-7.81-7.81-7.81-20.474 0-28.284l128.662-128.662c12.599-12.6 34.142-3.676 34.142 14.142z\"><\/path><\/svg><svg aria-hidden=\"true\" class=\"e-font-icon-svg e-fas-caret-right\" viewbox=\"0 0 192 512\" xmlns=\"http:\/\/www.w3.org\/2000\/svg\"><path d=\"M0 384.662V127.338c0-17.818 21.543-26.741 34.142-14.142l128.662 128.662c7.81 7.81 7.81 20.474 0 28.284L34.142 398.804C21.543 411.404 0 402.48 0 384.662z\"><\/path><\/svg><\/div><div class=\"pp-image-comparison-overlay\"><\/div>\t\t<\/div>\n\t\t\t\t\t\t<\/div>\n\t\t\t\t<\/div>\n\t\t\t\t\t<\/div>\n\t\t\t\t<\/div>\n\t\t\t\t<\/div>\n\t\t<div class=\"elementor-element elementor-element-f3e0529 e-con-full e-flex e-con e-child\" data-id=\"f3e0529\" data-element_type=\"container\">\n\t\t\t\t<div class=\"elementor-element elementor-element-c433198 elementor-widget elementor-widget-text-editor\" data-id=\"c433198\" data-element_type=\"widget\" data-widget_type=\"text-editor.default\">\n\t\t\t\t<div class=\"elementor-widget-container\">\n\t\t\t\t\t\t\t\t\t<p>Sans aucun doute, ce cin\u00e9ma, avec sa salle de 420 places, a connu une seconde jeunesse et a r\u00e9sist\u00e9 jusqu'\u00e0 aujourd'hui \u00e0 l'essor des m\u00e9ga-cin\u00e9mas. La multiplication des salles proposant simultan\u00e9ment des films diff\u00e9rents n'a pas eu raison du Jayan, qui a choisi de pers\u00e9v\u00e9rer, de pr\u00e9server son authenticit\u00e9 de cin\u00e9ma de petite ville et d'investir dans une r\u00e9novation en 2003, r\u00e9duisant ainsi sa capacit\u00e9 \u00e0 347 places.<\/p><p>Plus tard, en 2011, avec l'av\u00e8nement du num\u00e9rique, le cin\u00e9ma Jayan a r\u00e9affirm\u00e9 son engagement \u00e0 demeurer le seul \u00ab cin\u00e9ma de village \u00bb de toute la r\u00e9gion de Marina Alta. Le cin\u00e9ma Jayan reste une entreprise familiale qui ouvre chaque jour avec enthousiasme et passion pour partager la magie du cin\u00e9ma avec les cin\u00e9philes, en projetant des films en version originale.<\/p>\t\t\t\t\t\t\t\t<\/div>\n\t\t\t\t<\/div>\n\t\t\t\t<\/div>\n\t\t\t\t\t<\/div>\n\t\t\t\t<\/div>\n\t\t\t\t<section class=\"elementor-section elementor-top-section elementor-element elementor-element-4d5de6dd elementor-section-boxed elementor-section-height-default elementor-section-height-default\" data-id=\"4d5de6dd\" data-element_type=\"section\" data-settings=\"{&quot;background_background&quot;:&quot;classic&quot;}\">\n\t\t\t\t\t\t\t<div class=\"elementor-background-overlay\"><\/div>\n\t\t\t\t\t\t\t<div class=\"elementor-container elementor-column-gap-no\">\n\t\t\t\t\t<div class=\"elementor-column elementor-col-100 elementor-top-column elementor-element elementor-element-3a9e5c50\" data-id=\"3a9e5c50\" data-element_type=\"column\">\n\t\t\t<div class=\"elementor-widget-wrap elementor-element-populated\">\n\t\t\t\t\t\t<section class=\"elementor-section elementor-inner-section elementor-element elementor-element-7979e17b elementor-section-boxed elementor-section-height-default elementor-section-height-default\" data-id=\"7979e17b\" data-element_type=\"section\">\n\t\t\t\t\t\t<div class=\"elementor-container elementor-column-gap-default\">\n\t\t\t\t\t<div class=\"elementor-column elementor-col-100 elementor-inner-column elementor-element elementor-element-fd9102e elementor-invisible\" data-id=\"fd9102e\" data-element_type=\"column\" data-settings=\"{&quot;background_background&quot;:&quot;classic&quot;,&quot;animation&quot;:&quot;slideInDown&quot;}\">\n\t\t\t<div class=\"elementor-widget-wrap elementor-element-populated\">\n\t\t\t\t\t\t<div class=\"elementor-element elementor-element-2cbb6a07 elementor-widget elementor-widget-heading\" data-id=\"2cbb6a07\" data-element_type=\"widget\" data-widget_type=\"heading.default\">\n\t\t\t\t<div class=\"elementor-widget-container\">\n\t\t\t\t\t<h2 class=\"elementor-heading-title elementor-size-default\">La magie du cin\u00e9ma classique<\/h2>\t\t\t\t<\/div>\n\t\t\t\t<\/div>\n\t\t\t\t<div class=\"elementor-element elementor-element-3826f415 elementor-widget elementor-widget-heading\" data-id=\"3826f415\" data-element_type=\"widget\" data-widget_type=\"heading.default\">\n\t\t\t\t<div class=\"elementor-widget-container\">\n\t\t\t\t\t<h2 class=\"elementor-heading-title elementor-size-default\">Films ind\u00e9pendants et versions originales<\/h2>\t\t\t\t<\/div>\n\t\t\t\t<\/div>\n\t\t\t\t<div class=\"elementor-element elementor-element-39556334 elementor-widget elementor-widget-text-editor\" data-id=\"39556334\" data-element_type=\"widget\" data-widget_type=\"text-editor.default\">\n\t\t\t\t<div class=\"elementor-widget-container\">\n\t\t\t\t\t\t\t\t\t<p>Actuellement, le cin\u00e9ma Jayan combine projections num\u00e9riques et 35 mm. L'avenir est num\u00e9rique, mais la cl\u00e9 de sa rentabilit\u00e9 r\u00e9side ailleurs. Ce sont les films ind\u00e9pendants du cycle \u00ab El Set\u00e9 Segell \u00bb et les films en version originale qui assurent sa rentabilit\u00e9, et non les derni\u00e8res sorties. Le Jayan ne projette qu'un seul film en anglais par semaine, car plus de la moiti\u00e9 des habitants de X\u00e0bia sont \u00e9trangers et fr\u00e9quentent assid\u00fbment ce cin\u00e9ma.<\/p>\t\t\t\t\t\t\t\t<\/div>\n\t\t\t\t<\/div>\n\t\t\t\t\t<\/div>\n\t\t<\/div>\n\t\t\t\t\t<\/div>\n\t\t<\/section>\n\t\t\t\t\t<\/div>\n\t\t<\/div>\n\t\t\t\t\t<\/div>\n\t\t<\/section>\n\t\t\t\t<section class=\"elementor-section elementor-top-section elementor-element elementor-element-d843dfd elementor-section-boxed elementor-section-height-default elementor-section-height-default\" data-id=\"d843dfd\" data-element_type=\"section\">\n\t\t\t\t\t\t<div class=\"elementor-container elementor-column-gap-default\">\n\t\t\t\t\t<div class=\"elementor-column elementor-col-100 elementor-top-column elementor-element elementor-element-b333882\" data-id=\"b333882\" data-element_type=\"column\">\n\t\t\t<div class=\"elementor-widget-wrap elementor-element-populated\">\n\t\t\t\t\t\t<section class=\"elementor-section elementor-inner-section elementor-element elementor-element-c1c3ffd elementor-section-boxed elementor-section-height-default elementor-section-height-default\" data-id=\"c1c3ffd\" data-element_type=\"section\">\n\t\t\t\t\t\t<div class=\"elementor-container elementor-column-gap-default\">\n\t\t\t\t\t<div class=\"elementor-column elementor-col-50 elementor-inner-column elementor-element elementor-element-a1ec698\" data-id=\"a1ec698\" data-element_type=\"column\">\n\t\t\t<div class=\"elementor-widget-wrap elementor-element-populated\">\n\t\t\t\t\t\t<div class=\"elementor-element elementor-element-cdec1f5 elementor-widget-divider--view-line elementor-widget elementor-widget-divider\" data-id=\"cdec1f5\" data-element_type=\"widget\" data-widget_type=\"divider.default\">\n\t\t\t\t<div class=\"elementor-widget-container\">\n\t\t\t\t\t\t\t<div class=\"elementor-divider\">\n\t\t\t<span class=\"elementor-divider-separator\">\n\t\t\t\t\t\t<\/span>\n\t\t<\/div>\n\t\t\t\t\t\t<\/div>\n\t\t\t\t<\/div>\n\t\t\t\t<div class=\"elementor-element elementor-element-24abdf2 elementor-invisible elementor-widget elementor-widget-heading\" data-id=\"24abdf2\" data-element_type=\"widget\" data-settings=\"{&quot;_animation&quot;:&quot;fadeInUp&quot;}\" data-widget_type=\"heading.default\">\n\t\t\t\t<div class=\"elementor-widget-container\">\n\t\t\t\t\t<h2 class=\"elementor-heading-title elementor-size-default\">Merci<\/h2>\t\t\t\t<\/div>\n\t\t\t\t<\/div>\n\t\t\t\t<div class=\"elementor-element elementor-element-47fe1bf elementor-widget elementor-widget-heading\" data-id=\"47fe1bf\" data-element_type=\"widget\" data-widget_type=\"heading.default\">\n\t\t\t\t<div class=\"elementor-widget-container\">\n\t\t\t\t\t<h2 class=\"elementor-heading-title elementor-size-default\">Antonio Catal\u00e1 et Inmaculada<\/h2>\t\t\t\t<\/div>\n\t\t\t\t<\/div>\n\t\t\t\t<div class=\"elementor-element elementor-element-2f314a3 elementor-widget elementor-widget-text-editor\" data-id=\"2f314a3\" data-element_type=\"widget\" data-widget_type=\"text-editor.default\">\n\t\t\t\t<div class=\"elementor-widget-container\">\n\t\t\t\t\t\t\t\t\t<p>Les propri\u00e9taires actuels du cin\u00e9ma Jayan<\/p>\t\t\t\t\t\t\t\t<\/div>\n\t\t\t\t<\/div>\n\t\t\t\t\t<\/div>\n\t\t<\/div>\n\t\t\t\t<div class=\"elementor-column elementor-col-50 elementor-inner-column elementor-element elementor-element-53b7ff7 elementor-invisible\" data-id=\"53b7ff7\" data-element_type=\"column\" data-settings=\"{&quot;animation&quot;:&quot;fadeInRight&quot;}\">\n\t\t\t<div class=\"elementor-widget-wrap elementor-element-populated\">\n\t\t\t\t\t\t<div class=\"elementor-element elementor-element-30b5843 elementor-widget elementor-widget-image\" data-id=\"30b5843\" data-element_type=\"widget\" data-widget_type=\"image.default\">\n\t\t\t\t<div class=\"elementor-widget-container\">\n\t\t\t\t\t\t\t\t\t\t\t\t\t\t\t<img decoding=\"async\" width=\"800\" height=\"1200\" src=\"https:\/\/cinejayan.com\/wp-content\/uploads\/2024\/03\/antonio-catala-e-imaculada-propietarios-del-actual-cine-jayan.png\" class=\"attachment-full size-full wp-image-553\" alt=\"\" srcset=\"https:\/\/cinejayan.com\/wp-content\/uploads\/2024\/03\/antonio-catala-e-imaculada-propietarios-del-actual-cine-jayan.png 800w, https:\/\/cinejayan.com\/wp-content\/uploads\/2024\/03\/antonio-catala-e-imaculada-propietarios-del-actual-cine-jayan-200x300.png 200w, https:\/\/cinejayan.com\/wp-content\/uploads\/2024\/03\/antonio-catala-e-imaculada-propietarios-del-actual-cine-jayan-683x1024.png 683w, https:\/\/cinejayan.com\/wp-content\/uploads\/2024\/03\/antonio-catala-e-imaculada-propietarios-del-actual-cine-jayan-768x1152.png 768w\" sizes=\"(max-width: 800px) 100vw, 800px\" \/>\t\t\t\t\t\t\t\t\t\t\t\t\t\t\t<\/div>\n\t\t\t\t<\/div>\n\t\t\t\t\t<\/div>\n\t\t<\/div>\n\t\t\t\t\t<\/div>\n\t\t<\/section>\n\t\t\t\t\t<\/div>\n\t\t<\/div>\n\t\t\t\t\t<\/div>\n\t\t<\/section>\n\t\t<div class=\"elementor-element elementor-element-2deaf67 e-con-full e-flex e-con e-parent\" data-id=\"2deaf67\" data-element_type=\"container\">\n\t\t\t\t<div class=\"elementor-element elementor-element-d0340d5 elementor-widget elementor-widget-video\" data-id=\"d0340d5\" data-element_type=\"widget\" data-settings=\"{&quot;video_type&quot;:&quot;hosted&quot;,&quot;autoplay&quot;:&quot;yes&quot;,&quot;play_on_mobile&quot;:&quot;yes&quot;,&quot;loop&quot;:&quot;yes&quot;}\" data-widget_type=\"video.default\">\n\t\t\t\t<div class=\"elementor-widget-container\">\n\t\t\t\t\t\t\t<div class=\"e-hosted-video elementor-wrapper elementor-open-inline\">\n\t\t\t\t\t<video class=\"elementor-video\" src=\"https:\/\/cinejayan.com\/wp-content\/uploads\/2024\/03\/Sin-titulo.m4v\" autoplay=\"\" loop=\"\" playsinline=\"\" controlslist=\"nodownload\"><\/video>\n\t\t\t\t<\/div>\n\t\t\t\t\t\t<\/div>\n\t\t\t\t<\/div>\n\t\t\t\t<\/div>\n\t\t\t\t<\/div>","protected":false},"excerpt":{"rendered":"<p>El Cine Jayan Un poco de historia Cine Jayan, una de las \u00faltimas salas de cine de pantalla grande, una de las \u00faltimas que mantienen la magia del cine cl\u00e1sico. Tras el cierre del cine Espin\u00f3s y ante la situaci\u00f3n actual, la familia de Angelita -propietaria del Central Cinema y la terraza de cine del [&hellip;]<\/p>","protected":false},"author":1,"featured_media":0,"parent":0,"menu_order":0,"comment_status":"closed","ping_status":"closed","template":"elementor_header_footer","meta":{"footnotes":""},"class_list":["post-449","page","type-page","status-publish","hentry"],"_links":{"self":[{"href":"https:\/\/cinejayan.com\/fr\/wp-json\/wp\/v2\/pages\/449","targetHints":{"allow":["GET"]}}],"collection":[{"href":"https:\/\/cinejayan.com\/fr\/wp-json\/wp\/v2\/pages"}],"about":[{"href":"https:\/\/cinejayan.com\/fr\/wp-json\/wp\/v2\/types\/page"}],"author":[{"embeddable":true,"href":"https:\/\/cinejayan.com\/fr\/wp-json\/wp\/v2\/users\/1"}],"replies":[{"embeddable":true,"href":"https:\/\/cinejayan.com\/fr\/wp-json\/wp\/v2\/comments?post=449"}],"version-history":[{"count":98,"href":"https:\/\/cinejayan.com\/fr\/wp-json\/wp\/v2\/pages\/449\/revisions"}],"predecessor-version":[{"id":2484,"href":"https:\/\/cinejayan.com\/fr\/wp-json\/wp\/v2\/pages\/449\/revisions\/2484"}],"wp:attachment":[{"href":"https:\/\/cinejayan.com\/fr\/wp-json\/wp\/v2\/media?parent=449"}],"curies":[{"name":"wp","href":"https:\/\/api.w.org\/{rel}","templated":true}]}}