{"id":992,"date":"2024-04-01T12:39:24","date_gmt":"2024-04-01T11:39:24","guid":{"rendered":"https:\/\/inspiring-hoover.94-143-139-224.plesk.page\/?page_id=992"},"modified":"2024-04-02T15:48:18","modified_gmt":"2024-04-02T14:48:18","slug":"accesibilidad","status":"publish","type":"page","link":"https:\/\/cinejayan.com\/fr\/accesibilidad\/","title":{"rendered":"Accesibilidad"},"content":{"rendered":"<div data-elementor-type=\"wp-page\" data-elementor-id=\"992\" class=\"elementor elementor-992\" data-elementor-post-type=\"page\">\n\t\t\t\t\t\t<section class=\"elementor-section elementor-top-section elementor-element elementor-element-0e703ad elementor-reverse-mobile elementor-section-boxed elementor-section-height-default elementor-section-height-default\" data-id=\"0e703ad\" data-element_type=\"section\" data-settings=\"{&quot;background_background&quot;:&quot;classic&quot;}\">\n\t\t\t\t\t\t\t<div class=\"elementor-background-overlay\"><\/div>\n\t\t\t\t\t\t\t<div class=\"elementor-container elementor-column-gap-default\">\n\t\t\t\t\t<div class=\"elementor-column elementor-col-50 elementor-top-column elementor-element elementor-element-8dc776d elementor-invisible\" data-id=\"8dc776d\" data-element_type=\"column\" data-settings=\"{&quot;background_background&quot;:&quot;classic&quot;,&quot;animation&quot;:&quot;slideInUp&quot;}\">\n\t\t\t<div class=\"elementor-widget-wrap elementor-element-populated\">\n\t\t\t\t\t\t<div class=\"elementor-element elementor-element-6b20586 elementor-icon-list--layout-inline elementor-widget__width-auto elementor-list-item-link-full_width elementor-widget elementor-widget-icon-list\" data-id=\"6b20586\" data-element_type=\"widget\" data-widget_type=\"icon-list.default\">\n\t\t\t\t<div class=\"elementor-widget-container\">\n\t\t\t\t\t\t\t<ul class=\"elementor-icon-list-items elementor-inline-items\">\n\t\t\t\t\t\t\t<li class=\"elementor-icon-list-item elementor-inline-item\">\n\t\t\t\t\t\t\t\t\t\t\t<a href=\"#\">\n\n\t\t\t\t\t\t\t\t\t\t\t<span class=\"elementor-icon-list-text\">Inicio<\/span>\n\t\t\t\t\t\t\t\t\t\t\t<\/a>\n\t\t\t\t\t\t\t\t\t<\/li>\n\t\t\t\t\t\t\t\t<li class=\"elementor-icon-list-item elementor-inline-item\">\n\t\t\t\t\t\t\t\t\t\t\t<span class=\"elementor-icon-list-icon\">\n\t\t\t\t\t\t\t<i aria-hidden=\"true\" class=\"mdi mdi-minus\"><\/i>\t\t\t\t\t\t<\/span>\n\t\t\t\t\t\t\t\t\t\t<span class=\"elementor-icon-list-text\">Accesibilidad<\/span>\n\t\t\t\t\t\t\t\t\t<\/li>\n\t\t\t\t\t\t<\/ul>\n\t\t\t\t\t\t<\/div>\n\t\t\t\t<\/div>\n\t\t\t\t\t<\/div>\n\t\t<\/div>\n\t\t\t\t<div class=\"elementor-column elementor-col-50 elementor-top-column elementor-element elementor-element-6423914\" data-id=\"6423914\" data-element_type=\"column\">\n\t\t\t<div class=\"elementor-widget-wrap elementor-element-populated\">\n\t\t\t\t\t\t<section class=\"elementor-section elementor-inner-section elementor-element elementor-element-22f888b elementor-section-boxed elementor-section-height-default elementor-section-height-default\" data-id=\"22f888b\" data-element_type=\"section\">\n\t\t\t\t\t\t<div class=\"elementor-container elementor-column-gap-default\">\n\t\t\t\t\t<div class=\"elementor-column elementor-col-100 elementor-inner-column elementor-element elementor-element-2c56f73\" data-id=\"2c56f73\" data-element_type=\"column\">\n\t\t\t<div class=\"elementor-widget-wrap elementor-element-populated\">\n\t\t\t\t\t\t<div class=\"elementor-element elementor-element-ad6154a elementor-invisible elementor-widget elementor-widget-heading\" data-id=\"ad6154a\" data-element_type=\"widget\" data-settings=\"{&quot;_animation&quot;:&quot;fadeInRight&quot;}\" data-widget_type=\"heading.default\">\n\t\t\t\t<div class=\"elementor-widget-container\">\n\t\t\t\t\t<h2 class=\"elementor-heading-title elementor-size-default\">Accesibilidad<\/h2>\t\t\t\t<\/div>\n\t\t\t\t<\/div>\n\t\t\t\t\t<\/div>\n\t\t<\/div>\n\t\t\t\t\t<\/div>\n\t\t<\/section>\n\t\t\t\t\t<\/div>\n\t\t<\/div>\n\t\t\t\t\t<\/div>\n\t\t<\/section>\n\t\t<div class=\"elementor-element elementor-element-6839541 e-flex e-con-boxed e-con e-parent\" data-id=\"6839541\" data-element_type=\"container\">\n\t\t\t\t\t<div class=\"e-con-inner\">\n\t\t\t\t<div class=\"elementor-element elementor-element-542a879 elementor-widget elementor-widget-heading\" data-id=\"542a879\" data-element_type=\"widget\" data-widget_type=\"heading.default\">\n\t\t\t\t<div class=\"elementor-widget-container\">\n\t\t\t\t\t<h2 class=\"elementor-heading-title elementor-size-default\">Accesibilidad<\/h2>\t\t\t\t<\/div>\n\t\t\t\t<\/div>\n\t\t\t\t<div class=\"elementor-element elementor-element-6d32b0e elementor-widget elementor-widget-text-editor\" data-id=\"6d32b0e\" data-element_type=\"widget\" data-widget_type=\"text-editor.default\">\n\t\t\t\t<div class=\"elementor-widget-container\">\n\t\t\t\t\t\t\t\t\t<p>WCAG 2.1 es un conjunto de directrices para hacer que las p\u00e1ginas web sean m\u00e1s accesibles para personas con discapacidades. Estas directrices se basan en cuatro principios: accesibilidad, comprensibilidad, operabilidad y robustez.<\/p><p>El primer principio, accesibilidad, se refiere a la capacidad de que cualquier persona, independientemente de sus habilidades f\u00edsicas, mentales o tecnol\u00f3gicas, pueda acceder al contenido de la p\u00e1gina. Esto se logra a trav\u00e9s de caracter\u00edsticas como el contraste alto, la navegaci\u00f3n f\u00e1cil y los subt\u00edtulos en videos.<\/p><p>El segundo principio, comprensibilidad, se refiere a la capacidad de que el contenido de la p\u00e1gina sea f\u00e1cil de entender para todos los usuarios. Esto se logra a trav\u00e9s de caracter\u00edsticas como la estructura l\u00f3gica de la p\u00e1gina, la claridad del lenguaje y la organizaci\u00f3n del contenido.<\/p><p>El tercer principio, operabilidad, se refiere a la capacidad de que el contenido de la p\u00e1gina sea f\u00e1cil de usar para todos los usuarios. Esto se logra a trav\u00e9s de caracter\u00edsticas como la compatibilidad con teclados, la navegaci\u00f3n f\u00e1cil y los controles de volumen en videos.<\/p><p>El cuarto principio, robustez, se refiere a la capacidad de que el contenido de la p\u00e1gina sea f\u00e1cil de usar con una variedad de tecnolog\u00edas de asistencia para discapacitados, como lectores de pantalla y software de ampliaci\u00f3n de pantalla.<\/p><p>En nuestra p\u00e1gina web, nos aseguramos de cumplir con las directrices de WCAG 2.1 para garantizar que nuestro contenido sea accesible para todos los usuarios.<\/p>\t\t\t\t\t\t\t\t<\/div>\n\t\t\t\t<\/div>\n\t\t\t\t\t<\/div>\n\t\t\t\t<\/div>\n\t\t\t\t<\/div>","protected":false},"excerpt":{"rendered":"<p>Inicio Accesibilidad Accesibilidad Accesibilidad WCAG 2.1 es un conjunto de directrices para hacer que las p\u00e1ginas web sean m\u00e1s accesibles para personas con discapacidades. Estas directrices se basan en cuatro principios: accesibilidad, comprensibilidad, operabilidad y robustez. El primer principio, accesibilidad, se refiere a la capacidad de que cualquier persona, independientemente de sus habilidades f\u00edsicas, mentales [&hellip;]<\/p>","protected":false},"author":1,"featured_media":0,"parent":0,"menu_order":0,"comment_status":"closed","ping_status":"closed","template":"elementor_header_footer","meta":{"footnotes":""},"class_list":["post-992","page","type-page","status-publish","hentry"],"_links":{"self":[{"href":"https:\/\/cinejayan.com\/fr\/wp-json\/wp\/v2\/pages\/992","targetHints":{"allow":["GET"]}}],"collection":[{"href":"https:\/\/cinejayan.com\/fr\/wp-json\/wp\/v2\/pages"}],"about":[{"href":"https:\/\/cinejayan.com\/fr\/wp-json\/wp\/v2\/types\/page"}],"author":[{"embeddable":true,"href":"https:\/\/cinejayan.com\/fr\/wp-json\/wp\/v2\/users\/1"}],"replies":[{"embeddable":true,"href":"https:\/\/cinejayan.com\/fr\/wp-json\/wp\/v2\/comments?post=992"}],"version-history":[{"count":8,"href":"https:\/\/cinejayan.com\/fr\/wp-json\/wp\/v2\/pages\/992\/revisions"}],"predecessor-version":[{"id":1025,"href":"https:\/\/cinejayan.com\/fr\/wp-json\/wp\/v2\/pages\/992\/revisions\/1025"}],"wp:attachment":[{"href":"https:\/\/cinejayan.com\/fr\/wp-json\/wp\/v2\/media?parent=992"}],"curies":[{"name":"wp","href":"https:\/\/api.w.org\/{rel}","templated":true}]}}